{"id":565,"date":"2022-04-07T13:23:43","date_gmt":"2022-04-07T13:23:43","guid":{"rendered":"https:\/\/www.qdesignstudio.ro\/?page_id=565"},"modified":"2022-05-29T11:15:10","modified_gmt":"2022-05-29T11:15:10","slug":"technical-project-asbuilt-project","status":"publish","type":"page","link":"https:\/\/www.qdesignstudio.ro\/ro\/technical-project-asbuilt-project\/","title":{"rendered":"S_08_TECHNICAL PROJECTS &#038; AS BUILT PROJECTS"},"content":{"rendered":"<div class=\"clear\"><\/div><div class=\"full-width-section\" ><div class=\"block-wrapper pt-100 pb-100\"><div class=\"section-wrapper container\"><div class=\"row-layout  row\"><div class=\"wpb_column vc_column_container vc_col-sm-12\"><div class=\"vc_column-inner\"><div class=\"wpb_wrapper\"><div class=\"vc_row wpb_row vc_inner vc_row-fluid\"><div class=\"wpb_column vc_column_container vc_col-sm-6\"><div class=\"vc_column-inner\"><div class=\"wpb_wrapper\"><div class=\"sec-title\"><h4 class=\"title\" style=\"\">ELABORARE PROIECTE TEHNICE SI AS BUILT<\/h4><\/div><div class=\"sec-text\" style=\"margin:0px 0px 40px 0px;\"><p>PROIECTE TEHNICE SI DETALII DE EXECUTIE (PTh + DE)<\/p>\n<p>Pasul urmator dupa obtinerea autorizatiei de construire este elaborarea proiectelor tehnice si a detaliilor de executie.<\/p>\n<p>Documentatia tehnica, in baza careia se si executa lucrarile pe santier, este compusa de proiecte elaborate de proiectanti autorizati in urmatoarele specialitati de proiectare: arhitectura, structura de rezistenta, instalatii sanitare, instalatii electrice, instalatii HVAC, sistematizari verticale.<\/p>\n<p>Toate proiectele tehnice trebuie sa respecte prescriptiile din certificatul de urbanism, avize, studii, expertize tehnice, autorizatie de construire si planse vizate spre neschimbare (parti componente ale autorizatiei).<\/p>\n<p>Concomitent cu proiectul tehnic se elaboreaza si detaliile de executie.<\/p>\n<p>Detaliile de executie sunt necesare la executarea lucrarilor de constructii si sunt elaborate \u00een baza proiectului tehnic si cu respectarea stricta a prevederilor acestuia.<\/p>\n<p>Acestea detaliaza solutiile de alcatuire, asamblare, executare, montare si alte asemenea operatiuni, privind parti\/elemente de constructie ori de instalatii aferente acesteia.<\/p>\n<p>Prin detaliile de executie se indica dimensiuni, materiale, tehnologii de executie, precum si legaturi intre elementele constructive structurale\/nestructurale ale obiectivului de investitie.<\/p>\n<p>In func\u0163ie de complexitatea proiectului si \u00een cazul obiectivelor de investi\u0163ii a caror functionare implica procese tehnologice specifice, anumite detalii de executie se pot elabora\/definitiva pe parcursul executiei obiectivului de investitie.<\/p>\n<p>Lucrarile de construire, pe un santier, pot fi demarate doar pe baza de proiecte tehnice si detalii de executie si prin respectarea normelor in vigoare.<\/p>\n<p>&nbsp;<\/p>\n<p>ASISTENTA TEHNICA DIN PARTEA PROIECTANTILOR PE DURATA LUCRARILOR DE EXECUTIE<\/p>\n<p>De regula, asistenta tehnica presupune urmatorul set de servicii din partea proiectantilor:<\/p>\n<ul>\n<li>Verificarea aplicarii pe santier a solutiilor din proiectele tehnice, conform reglementarilor tehnice in vigoare;<\/li>\n<li>Intocmirea de rapoarte (scrise si foto), prin care se prezinta statusul lucrarilor, probleme curente si solutii tehnice propuse pentru repararea greselilor constatate;<\/li>\n<li>Discutii tehnice si clarificari pe solutiile propuse de constructor si frunizorii de materiale;<\/li>\n<li>Modificare detalii tehnice si solutii pentru optimizarea costurilor;<\/li>\n<li>Elaborarea dispozitiilor de santier in cazul modificarii solutiilor stabilite initial in proiect si urmarirea aplicarii acestora;<\/li>\n<li>Participarea la faze determinante de lucrari;<\/li>\n<li>Participarea la receptii partiale si la receptii finale;<\/li>\n<\/ul>\n<p>Dezvoltatorii cu experienta, solicita mereu asistenta tehnica din partea proiectantilor, pentru a se asigura ca investitia va iesi conform proiectelor tehnice, ca va respecta normele legislatiei in vigoare si ca nu vor fi probleme ulterior in a obtine autorizatiile de functionare.<\/p>\n<p>&nbsp;<\/p>\n<p>DOCUMENTATII TEHNICE AS BUILT<\/p>\n<p>Documentatia As built se elaboreaza de catre proiectantii de specialitate (arhitectura, structura de rezistenta, instalatii, sistematizari vertical) la finalul lucrarilor de construire.<\/p>\n<p>Practic se integreaza in proiectele tehnice de catre proiectanti toate modificarile care au aparut pe durata santierului si care la momentul respectiv au fost solutionate prin dispozitii de santier, rezultand un proiect general pentru constructia finalizata care reflecta exact ceea ce s-a construit.<\/p>\n<p>In documentatia As built se integreaza si diverse proiecte tehnologice daca este cazul.<\/p>\n<p>Ca si restul documentatiilor, documentatia As built se anexeaza la cartea tehnica a constructiei.<\/p>\n<p>Documentatia As built este foarte utila ca si suport de lucru pentru viitoare interventii asupra unei constructii.<\/p><\/div><\/div><\/div><\/div><div class=\"wpb_column vc_column_container vc_col-sm-6\"><div class=\"vc_column-inner\"><div class=\"wpb_wrapper\"><div class=\"sec-image\"><img decoding=\"async\" src=\"\" style=\"\" alt=\"\" class=\"img-responsive\"\/><\/div><\/div><\/div><\/div><\/div><\/div><\/div><\/div><\/div><\/div><\/div><\/div><div class=\"clear\"><\/div>","protected":false},"excerpt":{"rendered":"TECHNICAL PROJECTS &amp; AS BUILT PROJECTSTECHNICAL PROJECTS &amp; EXECUTION DETAILS The next step after obtaining the building permit is the elaboration of the technical projects and the execution details. The technical documentation, based on which the works on site are executed, is composed of projects elaborated by authorized designers in the following design specialties: architecture, [...]","protected":false},"author":1,"featured_media":0,"parent":0,"menu_order":0,"comment_status":"closed","ping_status":"closed","template":"","meta":{"footnotes":"","_links_to":"","_links_to_target":""},"class_list":["post-565","page","type-page","status-publish","hentry"],"_links":{"self":[{"href":"https:\/\/www.qdesignstudio.ro\/ro\/wp-json\/wp\/v2\/pages\/565","targetHints":{"allow":["GET"]}}],"collection":[{"href":"https:\/\/www.qdesignstudio.ro\/ro\/wp-json\/wp\/v2\/pages"}],"about":[{"href":"https:\/\/www.qdesignstudio.ro\/ro\/wp-json\/wp\/v2\/types\/page"}],"author":[{"embeddable":true,"href":"https:\/\/www.qdesignstudio.ro\/ro\/wp-json\/wp\/v2\/users\/1"}],"replies":[{"embeddable":true,"href":"https:\/\/www.qdesignstudio.ro\/ro\/wp-json\/wp\/v2\/comments?post=565"}],"version-history":[{"count":3,"href":"https:\/\/www.qdesignstudio.ro\/ro\/wp-json\/wp\/v2\/pages\/565\/revisions"}],"predecessor-version":[{"id":870,"href":"https:\/\/www.qdesignstudio.ro\/ro\/wp-json\/wp\/v2\/pages\/565\/revisions\/870"}],"wp:attachment":[{"href":"https:\/\/www.qdesignstudio.ro\/ro\/wp-json\/wp\/v2\/media?parent=565"}],"curies":[{"name":"wp","href":"https:\/\/api.w.org\/{rel}","templated":true}]}}